{"id":1194,"date":"2021-10-13T11:30:32","date_gmt":"2021-10-13T11:30:32","guid":{"rendered":"https:\/\/dsd.webs.upv.es\/?page_id=1194"},"modified":"2025-04-23T08:34:58","modified_gmt":"2025-04-23T08:34:58","slug":"uvm","status":"publish","type":"page","link":"https:\/\/dsd.webs.upv.es\/?page_id=1194","title":{"rendered":"Verificacion UVM"},"content":{"rendered":"\n<p class=\"wp-block-paragraph\">Habiendo llegado a las estructuras de banco de pruebas que hemos planteado a lo largo del curso y que ahora recordamos:<\/p>\n\n\n\n<p class=\"wp-block-paragraph\">Paso 4<\/p>\n\n\n\n<figure class=\"wp-block-image size-full\"><img loading=\"lazy\" decoding=\"async\" width=\"512\" height=\"512\" src=\"https:\/\/dsd.webs.upv.es\/wp-content\/uploads\/2020\/11\/cropped-image.png\" alt=\"\" class=\"wp-image-952\" srcset=\"https:\/\/dsd.webs.upv.es\/wp-content\/uploads\/2020\/11\/cropped-image.png 512w, https:\/\/dsd.webs.upv.es\/wp-content\/uploads\/2020\/11\/cropped-image-300x300.png 300w, https:\/\/dsd.webs.upv.es\/wp-content\/uploads\/2020\/11\/cropped-image-150x150.png 150w, https:\/\/dsd.webs.upv.es\/wp-content\/uploads\/2020\/11\/cropped-image-45x45.png 45w, https:\/\/dsd.webs.upv.es\/wp-content\/uploads\/2020\/11\/cropped-image-270x270.png 270w, https:\/\/dsd.webs.upv.es\/wp-content\/uploads\/2020\/11\/cropped-image-192x192.png 192w, https:\/\/dsd.webs.upv.es\/wp-content\/uploads\/2020\/11\/cropped-image-180x180.png 180w, https:\/\/dsd.webs.upv.es\/wp-content\/uploads\/2020\/11\/cropped-image-32x32.png 32w\" sizes=\"auto, (max-width: 512px) 100vw, 512px\" \/><\/figure>\n\n\n\n<p class=\"wp-block-paragraph\">Paso 5<\/p>\n\n\n\n<figure class=\"wp-block-image size-full\"><img loading=\"lazy\" decoding=\"async\" width=\"565\" height=\"304\" src=\"https:\/\/dsd.webs.upv.es\/wp-content\/uploads\/2021\/10\/Pasted-5.png\" alt=\"\" class=\"wp-image-1265\" srcset=\"https:\/\/dsd.webs.upv.es\/wp-content\/uploads\/2021\/10\/Pasted-5.png 565w, https:\/\/dsd.webs.upv.es\/wp-content\/uploads\/2021\/10\/Pasted-5-300x161.png 300w\" sizes=\"auto, (max-width: 565px) 100vw, 565px\" \/><\/figure>\n\n\n\n<p class=\"wp-block-paragraph\">No parece descabellado hacer un intento sencillo y guiado para convertir dicho banco de pruebas hacia la metodolog\u00eda UVM (Universal Verification Methodology), que sin duda es a nivel profesional la metodolog\u00eda m\u00e1s extendida y que tendr\u00eda como estructura la siguiente:<\/p>\n\n\n\n<figure class=\"wp-block-image size-full\"><img loading=\"lazy\" decoding=\"async\" width=\"652\" height=\"474\" src=\"https:\/\/dsd.webs.upv.es\/wp-content\/uploads\/2021\/10\/Pasted-4.png\" alt=\"\" class=\"wp-image-1264\" srcset=\"https:\/\/dsd.webs.upv.es\/wp-content\/uploads\/2021\/10\/Pasted-4.png 652w, https:\/\/dsd.webs.upv.es\/wp-content\/uploads\/2021\/10\/Pasted-4-300x218.png 300w\" sizes=\"auto, (max-width: 652px) 100vw, 652px\" \/><\/figure>\n\n\n\n<p class=\"wp-block-paragraph\">Aprovecharemos muchos de los c\u00f3digos realizados, los generadores de templates incorporados en muchos de los entornos especializados en UVM y sobre todo entenderemos que al fin y al cabo lo \u00fanico que se diferencia de nuestros bancos es el grado de automatizaci\u00f3n y de reuso que permiten las librer\u00edas UVM.<\/p>\n","protected":false},"excerpt":{"rendered":"<p>Habiendo llegado a las estructuras de banco de pruebas que hemos planteado a lo largo del curso y que ahora recordamos: Paso 4 Paso 5 No parece descabellado hacer un intento sencillo y guiado para convertir dicho banco de pruebas hacia la metodolog\u00eda UVM (Universal Verification Methodology), que sin duda es a nivel profesional la metodolog\u00eda m\u00e1s extendida y que tendr\u00eda como estructura la siguiente: Aprovecharemos muchos de los c\u00f3digos realizados, los generadores de templates incorporados en muchos de los entornos especializados en UVM y sobre todo entenderemos que al fin y al cabo lo \u00fanico que se diferencia de nuestros bancos es el grado de automatizaci\u00f3n y de reuso que permiten las librer\u00edas UVM.<\/p>\n","protected":false},"author":2,"featured_media":0,"parent":0,"menu_order":0,"comment_status":"closed","ping_status":"closed","template":"","meta":{"_crdt_document":"","ub_ctt_via":"","footnotes":""},"class_list":["post-1194","page","type-page","status-publish","hentry"],"featured_image_src":null,"_links":{"self":[{"href":"https:\/\/dsd.webs.upv.es\/index.php?rest_route=\/wp\/v2\/pages\/1194","targetHints":{"allow":["GET"]}}],"collection":[{"href":"https:\/\/dsd.webs.upv.es\/index.php?rest_route=\/wp\/v2\/pages"}],"about":[{"href":"https:\/\/dsd.webs.upv.es\/index.php?rest_route=\/wp\/v2\/types\/page"}],"author":[{"embeddable":true,"href":"https:\/\/dsd.webs.upv.es\/index.php?rest_route=\/wp\/v2\/users\/2"}],"replies":[{"embeddable":true,"href":"https:\/\/dsd.webs.upv.es\/index.php?rest_route=%2Fwp%2Fv2%2Fcomments&post=1194"}],"version-history":[{"count":4,"href":"https:\/\/dsd.webs.upv.es\/index.php?rest_route=\/wp\/v2\/pages\/1194\/revisions"}],"predecessor-version":[{"id":1612,"href":"https:\/\/dsd.webs.upv.es\/index.php?rest_route=\/wp\/v2\/pages\/1194\/revisions\/1612"}],"wp:attachment":[{"href":"https:\/\/dsd.webs.upv.es\/index.php?rest_route=%2Fwp%2Fv2%2Fmedia&parent=1194"}],"curies":[{"name":"wp","href":"https:\/\/api.w.org\/{rel}","templated":true}]}}