{"id":402,"date":"2020-09-30T13:47:30","date_gmt":"2020-09-30T13:47:30","guid":{"rendered":"http:\/\/dsd.webs.upv.es\/?page_id=402"},"modified":"2025-08-06T17:17:29","modified_gmt":"2025-08-06T17:17:29","slug":"aserciones-multicliclo-con-implicacion","status":"publish","type":"page","link":"https:\/\/dsd.webs.upv.es\/?page_id=402","title":{"rendered":"Aserciones multicliclo con implicaci\u00f3n"},"content":{"rendered":"\n<p class=\"wp-block-paragraph\">Ahora la comprobaci\u00f3n de la secuencia tiene una condici\u00f3n previa <\/p>\n\n\n<div class=\"wp-block-syntaxhighlighter-code \"><pre class=\"brush: systemverilog; title: ; notranslate\" title=\"\">\nassert propperty (@(negedge clk) req |-&amp;gt;##1 grant);\n<\/pre><\/div>\n\n\n<p class=\"wp-block-paragraph\">Se hace una evaluaci\u00f3n en cada ciclo . Si la condici\u00f3n de habilitaci\u00f3n es falsa , esa evaluaci\u00f3n en ese ciclo es abortada y por tanto no puede dar fallo Si la condici\u00f3n es cierta , se comprueba la secuencia que se cumpla<\/p>\n\n\n\n<h3 class=\"wp-block-heading\">Tipos de implicaci\u00f3n<\/h3>\n\n\n\n<p class=\"wp-block-paragraph\"><span class=\"has-inline-color has-vivid-cyan-blue-color\">|-&gt;<\/span> la evaluaci\u00f3n de la secuencia empieza en el mismo ciclo que la condici\u00f3n que se contempla en la implicaci\u00f3n <\/p>\n\n\n\n<p class=\"wp-block-paragraph\"><span class=\"has-inline-color has-vivid-cyan-blue-color\">|=&gt;<\/span> la evaluaci\u00f3n de la secuencia empieza en el siguiente ciclo que la condici\u00f3n que se contempla en la implicaci\u00f3n . <\/p>\n\n\n\n<ul class=\"wp-block-list\">\n<li>Equivalente a: |-> ##1<\/li>\n<\/ul>\n","protected":false},"excerpt":{"rendered":"<p>Ahora la comprobaci\u00f3n de la secuencia tiene una condici\u00f3n previa Se hace una evaluaci\u00f3n en cada ciclo . Si la condici\u00f3n de habilitaci\u00f3n es falsa , esa evaluaci\u00f3n en ese ciclo es abortada y por tanto no puede dar fallo Si la condici\u00f3n es cierta , se comprueba la secuencia que se cumpla Tipos de implicaci\u00f3n |-&gt; la evaluaci\u00f3n de la secuencia empieza en el mismo ciclo que la condici\u00f3n que se contempla en la implicaci\u00f3n |=&gt; la evaluaci\u00f3n de la secuencia empieza en el siguiente ciclo que la condici\u00f3n que se contempla en la implicaci\u00f3n .<\/p>\n","protected":false},"author":1,"featured_media":0,"parent":503,"menu_order":11,"comment_status":"closed","ping_status":"closed","template":"","meta":{"_crdt_document":"","ub_ctt_via":"","footnotes":""},"class_list":["post-402","page","type-page","status-publish","hentry"],"featured_image_src":null,"_links":{"self":[{"href":"https:\/\/dsd.webs.upv.es\/index.php?rest_route=\/wp\/v2\/pages\/402","targetHints":{"allow":["GET"]}}],"collection":[{"href":"https:\/\/dsd.webs.upv.es\/index.php?rest_route=\/wp\/v2\/pages"}],"about":[{"href":"https:\/\/dsd.webs.upv.es\/index.php?rest_route=\/wp\/v2\/types\/page"}],"author":[{"embeddable":true,"href":"https:\/\/dsd.webs.upv.es\/index.php?rest_route=\/wp\/v2\/users\/1"}],"replies":[{"embeddable":true,"href":"https:\/\/dsd.webs.upv.es\/index.php?rest_route=%2Fwp%2Fv2%2Fcomments&post=402"}],"version-history":[{"count":5,"href":"https:\/\/dsd.webs.upv.es\/index.php?rest_route=\/wp\/v2\/pages\/402\/revisions"}],"predecessor-version":[{"id":1884,"href":"https:\/\/dsd.webs.upv.es\/index.php?rest_route=\/wp\/v2\/pages\/402\/revisions\/1884"}],"up":[{"embeddable":true,"href":"https:\/\/dsd.webs.upv.es\/index.php?rest_route=\/wp\/v2\/pages\/503"}],"wp:attachment":[{"href":"https:\/\/dsd.webs.upv.es\/index.php?rest_route=%2Fwp%2Fv2%2Fmedia&parent=402"}],"curies":[{"name":"wp","href":"https:\/\/api.w.org\/{rel}","templated":true}]}}