{"id":463,"date":"2020-10-07T12:46:00","date_gmt":"2020-10-07T12:46:00","guid":{"rendered":"http:\/\/dsd.webs.upv.es\/?page_id=463"},"modified":"2020-10-07T12:46:00","modified_gmt":"2020-10-07T12:46:00","slug":"banco-de-pruebas","status":"publish","type":"page","link":"https:\/\/dsd.webs.upv.es\/?page_id=463","title":{"rendered":"Banco de pruebas"},"content":{"rendered":"\n<p class=\"wp-block-paragraph\">En este apartado vamos a incluir c\u00f3mo se estructura un banco de pruebas cl\u00e1sico basado en Verilog y c\u00f3mo podemos evolucionar a un banco de pruebas basado en SystemVerilog<\/p>\n","protected":false},"excerpt":{"rendered":"<p>En este apartado vamos a incluir c\u00f3mo se estructura un banco de pruebas cl\u00e1sico basado en Verilog y c\u00f3mo podemos evolucionar a un banco de pruebas basado en SystemVerilog<\/p>\n","protected":false},"author":1,"featured_media":0,"parent":2,"menu_order":0,"comment_status":"closed","ping_status":"closed","template":"","meta":{"_crdt_document":"","ub_ctt_via":"","footnotes":""},"class_list":["post-463","page","type-page","status-publish","hentry"],"featured_image_src":null,"_links":{"self":[{"href":"https:\/\/dsd.webs.upv.es\/index.php?rest_route=\/wp\/v2\/pages\/463","targetHints":{"allow":["GET"]}}],"collection":[{"href":"https:\/\/dsd.webs.upv.es\/index.php?rest_route=\/wp\/v2\/pages"}],"about":[{"href":"https:\/\/dsd.webs.upv.es\/index.php?rest_route=\/wp\/v2\/types\/page"}],"author":[{"embeddable":true,"href":"https:\/\/dsd.webs.upv.es\/index.php?rest_route=\/wp\/v2\/users\/1"}],"replies":[{"embeddable":true,"href":"https:\/\/dsd.webs.upv.es\/index.php?rest_route=%2Fwp%2Fv2%2Fcomments&post=463"}],"version-history":[{"count":1,"href":"https:\/\/dsd.webs.upv.es\/index.php?rest_route=\/wp\/v2\/pages\/463\/revisions"}],"predecessor-version":[{"id":464,"href":"https:\/\/dsd.webs.upv.es\/index.php?rest_route=\/wp\/v2\/pages\/463\/revisions\/464"}],"up":[{"embeddable":true,"href":"https:\/\/dsd.webs.upv.es\/index.php?rest_route=\/wp\/v2\/pages\/2"}],"wp:attachment":[{"href":"https:\/\/dsd.webs.upv.es\/index.php?rest_route=%2Fwp%2Fv2%2Fmedia&parent=463"}],"curies":[{"name":"wp","href":"https:\/\/api.w.org\/{rel}","templated":true}]}}