{"id":465,"date":"2020-10-07T12:57:19","date_gmt":"2020-10-07T12:57:19","guid":{"rendered":"http:\/\/dsd.webs.upv.es\/?page_id=465"},"modified":"2020-11-16T08:55:45","modified_gmt":"2020-11-16T08:55:45","slug":"estructura-systemverilog","status":"publish","type":"page","link":"https:\/\/dsd.webs.upv.es\/?page_id=465","title":{"rendered":"Estructura SystemVerilog"},"content":{"rendered":"\n<figure class=\"wp-block-image\"><img decoding=\"async\" src=\"https:\/\/poliformat.upv.es\/access\/content\/group\/GRA_12450_2019\/Ocultos\/Imagenes\/sv_simple_tb_with_scb.png\" alt=\"\"\/><\/figure>\n\n\n\n<p class=\"wp-block-paragraph\">En esta estructura las grandes construcciones que forman parte del banco de pruebas (module sin puertos del top) son:<\/p>\n\n\n\n<ul class=\"wp-block-list\"><li>DUT o DUV : dise\u00f1o bajo verificaci\u00f3n que ser\u00e1 un \u00abmodule\u00bb instanciado<\/li><li>test: Elementos constituyentes del sistema de verificaci\u00f3n que ser\u00e1 un \u00abprogram\u00bb instanciado<\/li><li>Elemento de comunicaci\u00f3n entre ambas construcciones que permita hacer llegar los est\u00edmulos generados por el test al DUV y permita observar tanto dichos est\u00edmulos como los resultados obtenidos por el DUV para hac\u00e9rselos llegar los elementos constitutivos del test. Esta construcci\u00f3n que permite esa comunicaci\u00f3n ser\u00e1 un \u00abinterface\u00bb instanciado.<\/li><\/ul>\n","protected":false},"excerpt":{"rendered":"<p>En esta estructura las grandes construcciones que forman parte del banco de pruebas (module sin puertos del top) son: DUT o DUV : dise\u00f1o bajo verificaci\u00f3n que ser\u00e1 un \u00abmodule\u00bb instanciado test: Elementos constituyentes del sistema de verificaci\u00f3n que ser\u00e1 un \u00abprogram\u00bb instanciado Elemento de comunicaci\u00f3n entre ambas construcciones que permita hacer llegar los est\u00edmulos generados por el test al DUV y permita observar tanto dichos est\u00edmulos como los resultados obtenidos por el DUV para hac\u00e9rselos llegar los elementos constitutivos del test. Esta construcci\u00f3n que permite esa comunicaci\u00f3n ser\u00e1 un \u00abinterface\u00bb instanciado.<\/p>\n","protected":false},"author":1,"featured_media":0,"parent":463,"menu_order":9,"comment_status":"closed","ping_status":"closed","template":"","meta":{"_crdt_document":"","ub_ctt_via":"","footnotes":""},"class_list":["post-465","page","type-page","status-publish","hentry"],"featured_image_src":null,"_links":{"self":[{"href":"https:\/\/dsd.webs.upv.es\/index.php?rest_route=\/wp\/v2\/pages\/465","targetHints":{"allow":["GET"]}}],"collection":[{"href":"https:\/\/dsd.webs.upv.es\/index.php?rest_route=\/wp\/v2\/pages"}],"about":[{"href":"https:\/\/dsd.webs.upv.es\/index.php?rest_route=\/wp\/v2\/types\/page"}],"author":[{"embeddable":true,"href":"https:\/\/dsd.webs.upv.es\/index.php?rest_route=\/wp\/v2\/users\/1"}],"replies":[{"embeddable":true,"href":"https:\/\/dsd.webs.upv.es\/index.php?rest_route=%2Fwp%2Fv2%2Fcomments&post=465"}],"version-history":[{"count":1,"href":"https:\/\/dsd.webs.upv.es\/index.php?rest_route=\/wp\/v2\/pages\/465\/revisions"}],"predecessor-version":[{"id":466,"href":"https:\/\/dsd.webs.upv.es\/index.php?rest_route=\/wp\/v2\/pages\/465\/revisions\/466"}],"up":[{"embeddable":true,"href":"https:\/\/dsd.webs.upv.es\/index.php?rest_route=\/wp\/v2\/pages\/463"}],"wp:attachment":[{"href":"https:\/\/dsd.webs.upv.es\/index.php?rest_route=%2Fwp%2Fv2%2Fmedia&parent=465"}],"curies":[{"name":"wp","href":"https:\/\/api.w.org\/{rel}","templated":true}]}}